{"id":2,"date":"2021-12-26T00:17:16","date_gmt":"2021-12-25T23:17:16","guid":{"rendered":"https:\/\/www.blanchisserie-pro.com\/blog\/?page_id=2"},"modified":"2021-12-26T01:41:03","modified_gmt":"2021-12-26T00:41:03","slug":"plan-du-blog","status":"publish","type":"page","link":"https:\/\/www.blanchisserie-pro.com\/blog\/plan-du-blog\/","title":{"rendered":"Plan du blog"},"content":{"rendered":"<div class=\"wsp-container\"><h2 class=\"wsp-pages-title\">Pages<\/h2>\n<ul class=\"wsp-pages-list\">\n<li class=\"page_item page-item-2\"><a href=\"https:\/\/www.blanchisserie-pro.com\/blog\/plan-du-blog\/\">Plan du blog<\/a><\/li>\n<\/ul>\n<h2 class=\"wsp-posts-title\">Articles par cat\u00e9gorie<\/h2>\n<ul class=\"wsp-posts-list\">\n\t<li><strong class=\"wsp-category-title\">Cat\u00e9gorie\u00a0: <a href=\"https:\/\/www.blanchisserie-pro.com\/blog\/amenagement-blanchisserie\/\">Am\u00e9nagement blanchisserie<\/a><\/strong>\n<ul class=\"wsp-posts-list\">\t\t<li class=\"wsp-post\"><a href=\"https:\/\/www.blanchisserie-pro.com\/blog\/une-blanchisserie-municipale-modernisee-grace-a-la-domotique\/\">Une blanchisserie municipale modernis\u00e9e gr\u00e2ce \u00e0 la domotique<\/a><\/li>\n\t\t<li class=\"wsp-post\"><a href=\"https:\/\/www.blanchisserie-pro.com\/blog\/parole-dhotelier-pourquoi-jai-investi-dans-ma-propre-blanchisserie\/\">Parole d\u2019h\u00f4telier : \u201cPourquoi j\u2019ai investi dans ma propre blanchisserie\u201d<\/a><\/li>\n\t\t<li class=\"wsp-post\"><a href=\"https:\/\/www.blanchisserie-pro.com\/blog\/stock-de-consommables-comment-eviter-les-ruptures-critiques-en-pleine-saison\/\">Stock de consommables : comment \u00e9viter les ruptures critiques en pleine saison ?<\/a><\/li>\n\t\t<li class=\"wsp-post\"><a href=\"https:\/\/www.blanchisserie-pro.com\/blog\/quel-equipement-pour-une-blanchisserie-en-ime-foyer-ou-maison-de-sante\/\">Quel \u00e9quipement pour une blanchisserie en IME, foyer ou maison de sant\u00e9 ?<\/a><\/li>\n\t\t<li class=\"wsp-post\"><a href=\"https:\/\/www.blanchisserie-pro.com\/blog\/gestion-du-linge-contamine-protocoles-et-equipements-obligatoires\/\">Gestion du linge contamin\u00e9 : protocoles et \u00e9quipements obligatoires<\/a><\/li>\n\t\t<li class=\"wsp-post\"><a href=\"https:\/\/www.blanchisserie-pro.com\/blog\/faut-il-externaliser-sa-blanchisserie-hoteliere-avantages-et-inconvenients\/\">Faut-il externaliser sa blanchisserie h\u00f4teli\u00e8re ? Avantages et inconv\u00e9nients<\/a><\/li>\n\t\t<li class=\"wsp-post\"><a href=\"https:\/\/www.blanchisserie-pro.com\/blog\/entretien-du-linge-de-table-comment-preserver-la-blancheur-et-eviter-les-aureoles\/\">Entretien du linge de table : comment pr\u00e9server la blancheur et \u00e9viter les aur\u00e9oles ?<\/a><\/li>\n\t\t<li class=\"wsp-post\"><a href=\"https:\/\/www.blanchisserie-pro.com\/blog\/blanchisserie-discrete-et-efficace-amenager-une-buanderie-dans-un-petit-hotel\/\">Blanchisserie discr\u00e8te et efficace : am\u00e9nager une buanderie dans un petit h\u00f4tel<\/a><\/li>\n\t\t<li class=\"wsp-post\"><a href=\"https:\/\/www.blanchisserie-pro.com\/blog\/les-normes-nf-et-en-en-blanchisserie-un-gage-de-confiance-pour-vos-clients\/\">Les normes NF et EN en blanchisserie : un gage de confiance pour vos clients ?<\/a><\/li>\n\t\t<li class=\"wsp-post\"><a href=\"https:\/\/www.blanchisserie-pro.com\/blog\/blanchisserie-en-milieu-medical-comment-eviter-la-contamination-croisee\/\">Blanchisserie en milieu m\u00e9dical : comment \u00e9viter la contamination crois\u00e9e ?<\/a><\/li>\n\t\t<li class=\"wsp-post\"><a href=\"https:\/\/www.blanchisserie-pro.com\/blog\/5-erreurs-courantes-dans-lamenagement-dune-blanchisserie-professionnelle\/\">5 erreurs courantes dans l\u2019am\u00e9nagement d\u2019une blanchisserie professionnelle<\/a><\/li>\n<\/ul><\/li>\n\t<li><strong class=\"wsp-category-title\">Cat\u00e9gorie\u00a0: <a href=\"https:\/\/www.blanchisserie-pro.com\/blog\/amenagement-laverie\/\">Am\u00e9nagement laverie<\/a><\/strong>\n<ul class=\"wsp-posts-list\">\t\t<li class=\"wsp-post\"><a href=\"https:\/\/www.blanchisserie-pro.com\/blog\/zoom-client-un-ehpad-passe-au-lavage-haute-temperature-pour-maitriser-les-infections\/\">Zoom client : un EHPAD passe au lavage haute temp\u00e9rature pour ma\u00eetriser les infections<\/a><\/li>\n\t\t<li class=\"wsp-post\"><a href=\"https:\/\/www.blanchisserie-pro.com\/blog\/top-5-des-pannes-frequentes-dans-une-laverie-et-comment-les-eviter\/\">Top 5 des pannes fr\u00e9quentes dans une laverie&#8230; et comment les \u00e9viter<\/a><\/li>\n\t\t<li class=\"wsp-post\"><a href=\"https:\/\/www.blanchisserie-pro.com\/blog\/lancer-un-pressing-en-franchise-ou-en-independant-quelle-solution-choisir\/\">Lancer un pressing en franchise ou en ind\u00e9pendant : quelle solution choisir ?<\/a><\/li>\n\t\t<li class=\"wsp-post\"><a href=\"https:\/\/www.blanchisserie-pro.com\/blog\/creer-une-laverie-libre-service-rentable-budget-machines-emplacement\/\">Cr\u00e9er une laverie libre-service rentable : budget, machines, emplacement<\/a><\/li>\n\t\t<li class=\"wsp-post\"><a href=\"https:\/\/www.blanchisserie-pro.com\/blog\/comment-attirer-plus-de-clients-dans-votre-laverie-wifi-paiement-sans-contact-fidelite\/\">Comment attirer plus de clients dans votre laverie ? (wifi, paiement sans contact, fid\u00e9lit\u00e9&#8230;)<\/a><\/li>\n\t\t<li class=\"wsp-post\"><a href=\"https:\/\/www.blanchisserie-pro.com\/blog\/tenues-de-cuisine-quel-programme-de-lavage-pour-eviter-les-taches-tenaces\/\">Tenues de cuisine : quel programme de lavage pour \u00e9viter les taches tenaces ?<\/a><\/li>\n\t\t<li class=\"wsp-post\"><a href=\"https:\/\/www.blanchisserie-pro.com\/blog\/maintenance-preventive-7-gestes-simples-pour-allonger-la-duree-de-vie-de-vos-machines\/\">Maintenance pr\u00e9ventive : 7 gestes simples pour allonger la dur\u00e9e de vie de vos machines<\/a><\/li>\n<\/ul><\/li>\n\t<li><strong class=\"wsp-category-title\">Cat\u00e9gorie\u00a0: <a href=\"https:\/\/www.blanchisserie-pro.com\/blog\/materiel-blanchisserie\/\">Mat\u00e9riel Blanchisserie<\/a><\/strong>\n<ul class=\"wsp-posts-list\">\t\t<li class=\"wsp-post\"><a href=\"https:\/\/www.blanchisserie-pro.com\/blog\/interview-gerante-de-pressing-elle-automatise-son-process-et-gagne-1h-jour\/\">Interview : g\u00e9rante de pressing, elle automatise son process et gagne 1h\/jour<\/a><\/li>\n\t\t<li class=\"wsp-post\"><a href=\"https:\/\/www.blanchisserie-pro.com\/blog\/comment-un-camping-a-reduit-sa-facture-energetique-avec-une-nouvelle-laveuse\/\">Comment un camping a r\u00e9duit sa facture \u00e9nerg\u00e9tique avec une nouvelle laveuse<\/a><\/li>\n\t\t<li class=\"wsp-post\"><a href=\"https:\/\/www.blanchisserie-pro.com\/blog\/poudre-ou-liquide-quelle-lessive-pro-choisir-pour-vos-machines-2\/\">Poudre ou liquide : quelle lessive pro choisir pour vos machines ?<\/a><\/li>\n\t\t<li class=\"wsp-post\"><a href=\"https:\/\/www.blanchisserie-pro.com\/blog\/poudre-ou-liquide-quelle-lessive-pro-choisir-pour-vos-machines\/\">Poudre ou liquide : quelle lessive pro choisir pour vos machines ?<\/a><\/li>\n\t\t<li class=\"wsp-post\"><a href=\"https:\/\/www.blanchisserie-pro.com\/blog\/doseurs-automatiques-un-vrai-gain-de-temps-et-dhygiene\/\">Doseurs automatiques : un vrai gain de temps et d\u2019hygi\u00e8ne ?<\/a><\/li>\n\t\t<li class=\"wsp-post\"><a href=\"https:\/\/www.blanchisserie-pro.com\/blog\/chariots-de-blanchisserie-comment-bien-les-choisir-selon-votre-surface\/\">Chariots de blanchisserie : comment bien les choisir selon votre surface ?<\/a><\/li>\n\t\t<li class=\"wsp-post\"><a href=\"https:\/\/www.blanchisserie-pro.com\/blog\/adoucissants-professionnels-indispensables-ou-accessoires\/\">Adoucissants professionnels : indispensables ou accessoires ?<\/a><\/li>\n\t\t<li class=\"wsp-post\"><a href=\"https:\/\/www.blanchisserie-pro.com\/blog\/pressing-ecologique-quelles-lessives-et-machines-privilegier\/\">Pressing \u00e9cologique : quelles lessives et machines privil\u00e9gier ?<\/a><\/li>\n\t\t<li class=\"wsp-post\"><a href=\"https:\/\/www.blanchisserie-pro.com\/blog\/lessive-professionnelle-comment-garantir-une-desinfection-sans-abimer-le-linge\/\">Lessive professionnelle : comment garantir une d\u00e9sinfection sans ab\u00eemer le linge ?<\/a><\/li>\n\t\t<li class=\"wsp-post\"><a href=\"https:\/\/www.blanchisserie-pro.com\/blog\/former-ses-equipes-a-lhygiene-du-linge-les-bases-a-connaitre\/\">Former ses \u00e9quipes \u00e0 l\u2019hygi\u00e8ne du linge : les bases \u00e0 conna\u00eetre<\/a><\/li>\n\t\t<li class=\"wsp-post\"><a href=\"https:\/\/www.blanchisserie-pro.com\/blog\/creer-une-buanderie-dans-un-ehpad-par-ou-commencer\/\">Cr\u00e9er une buanderie dans un EHPAD : par o\u00f9 commencer ?<\/a><\/li>\n\t\t<li class=\"wsp-post\"><a href=\"https:\/\/www.blanchisserie-pro.com\/blog\/quelle-laveuse-pour-laver-50-draps-et-100-serviettes-par-jour\/\">Quelle laveuse pour laver 50 draps et 100 serviettes par jour ?<\/a><\/li>\n\t\t<li class=\"wsp-post\"><a href=\"https:\/\/www.blanchisserie-pro.com\/blog\/tout-comprendre-a-la-methode-rabc-blanchisserie-et-gestion-du-risque-infectieux\/\">Tout comprendre \u00e0 la m\u00e9thode RABC : blanchisserie et gestion du risque infectieux<\/a><\/li>\n\t\t<li class=\"wsp-post\"><a href=\"https:\/\/www.blanchisserie-pro.com\/blog\/quels-produits-lessiviels-utiliser-pour-un-linge-hospitalier-impeccable\/\">Quels produits lessiviels utiliser pour un linge hospitalier impeccable ?<\/a><\/li>\n\t\t<li class=\"wsp-post\"><a href=\"https:\/\/www.blanchisserie-pro.com\/blog\/audit-hygiene-comment-preparer-votre-blanchisserie-a-un-controle-qualite\/\">Audit hygi\u00e8ne : comment pr\u00e9parer votre blanchisserie \u00e0 un contr\u00f4le qualit\u00e9 ?<\/a><\/li>\n\t\t<li class=\"wsp-post\"><a href=\"https:\/\/www.blanchisserie-pro.com\/blog\/laveuses-essoreuses-comment-choisir-la-capacite-ideale-selon-votre-activite\/\">Laveuses essoreuses : comment choisir la capacit\u00e9 id\u00e9ale selon votre activit\u00e9 ?<\/a><\/li>\n\t\t<li class=\"wsp-post\"><a href=\"https:\/\/www.blanchisserie-pro.com\/blog\/economie-deau-et-denergie-quels-reglages-appliquer-sans-perdre-en-qualite-de-lavage\/\">\u00c9conomie d\u2019eau et d\u2019\u00e9nergie : quels r\u00e9glages appliquer sans perdre en qualit\u00e9 de lavage ?<\/a><\/li>\n\t\t<li class=\"wsp-post\"><a href=\"https:\/\/www.blanchisserie-pro.com\/blog\/cycle-court-cycle-economique-cycle-hygiene-lequel-choisir-et-pourquoi\/\">Cycle court, cycle \u00e9conomique, cycle hygi\u00e8ne : lequel choisir et pourquoi ?<\/a><\/li>\n<\/ul><\/li>\n\t<li><strong class=\"wsp-category-title\">Cat\u00e9gorie\u00a0: <a href=\"https:\/\/www.blanchisserie-pro.com\/blog\/non-classe\/\">Non class\u00e9<\/a><\/strong>\n<ul class=\"wsp-posts-list\">\t\t<li class=\"wsp-post\"><a href=\"https:\/\/www.blanchisserie-pro.com\/blog\/quest-ce-quune-emballeuse\/\">Qu&rsquo;est-ce qu&rsquo;une emballeuse ?<\/a><\/li>\n\t\t<li class=\"wsp-post\"><a href=\"https:\/\/www.blanchisserie-pro.com\/blog\/hauteur-table-repasser-professionnelle-reglable\/\">Pourquoi la hauteur d&rsquo;une table \u00e0 repasser professionnelle doit \u00eatre r\u00e9glable ?<\/a><\/li>\n\t\t<li class=\"wsp-post\"><a href=\"https:\/\/www.blanchisserie-pro.com\/blog\/ameliorer-duree-vie-machine-laver\/\">Dur\u00e9e de vie d&rsquo;une machine \u00e0 laver : comment l&rsquo;am\u00e9liorer<\/a><\/li>\n\t\t<li class=\"wsp-post\"><a href=\"https:\/\/www.blanchisserie-pro.com\/blog\/choisir-contenance-machine-laver-professionnelle\/\">Comment choisir la contenance d&rsquo;une machine \u00e0 laver professionnelle ?<\/a><\/li>\n\t\t<li class=\"wsp-post\"><a href=\"https:\/\/www.blanchisserie-pro.com\/blog\/avantages-seche-linge-professionnel-a-condensation\/\">S\u00e8che-linge professionnel \u00e0 condensation : les avantages<\/a><\/li>\n\t\t<li class=\"wsp-post\"><a href=\"https:\/\/www.blanchisserie-pro.com\/blog\/chariot-linge-sale-hopital\/\">Chariot \u00e0 linge sale h\u00f4pital\u00a0: collecte et tri avant de nettoyer le linge<\/a><\/li>\n\t\t<li class=\"wsp-post\"><a href=\"https:\/\/www.blanchisserie-pro.com\/blog\/quel-materiel-est-necessaire-dans-une-laverie-automatique\/\">Quel mat\u00e9riel est n\u00e9cessaire dans une laverie automatique ?<\/a><\/li>\n\t\t<li class=\"wsp-post\"><a href=\"https:\/\/www.blanchisserie-pro.com\/blog\/repasseuse-professionnelle\/\">Avez-vous pens\u00e9 \u00e0 une repasseuse professionnelle\u00a0dans votre blanchisserie\u00a0?<\/a><\/li>\n\t\t<li class=\"wsp-post\"><a href=\"https:\/\/www.blanchisserie-pro.com\/blog\/prix-lave-linge-professionnel\/\">Prix d&rsquo;un lave-linge professionnel<\/a><\/li>\n<\/ul><\/li>\n<\/ul>\n<\/div>\n","protected":false},"excerpt":{"rendered":"","protected":false},"author":1,"featured_media":0,"parent":0,"menu_order":0,"comment_status":"closed","ping_status":"open","template":"","meta":[],"yoast_head":"<!-- This site is optimized with the Yoast SEO plugin v19.4 - https:\/\/yoast.com\/wordpress\/plugins\/seo\/ -->\n<title>Plan du blog | Blog Blanchisserie Pro<\/title>\n<meta name=\"robots\" content=\"index, follow, max-snippet:-1, max-image-preview:large, max-video-preview:-1\" \/>\n<link rel=\"canonical\" href=\"https:\/\/www.blanchisserie-pro.com\/blog\/plan-du-blog\/\" \/>\n<meta property=\"og:locale\" content=\"fr_FR\" \/>\n<meta property=\"og:type\" content=\"article\" \/>\n<meta property=\"og:title\" content=\"Plan du blog | Blog Blanchisserie Pro\" \/>\n<meta property=\"og:url\" content=\"https:\/\/www.blanchisserie-pro.com\/blog\/plan-du-blog\/\" \/>\n<meta property=\"og:site_name\" content=\"Blog Blanchisserie Pro\" \/>\n<meta property=\"article:modified_time\" content=\"2021-12-26T00:41:03+00:00\" \/>\n<meta name=\"twitter:card\" content=\"summary_large_image\" \/>\n<meta name=\"twitter:label1\" content=\"Dur\u00e9e de lecture estim\u00e9e\" \/>\n\t<meta name=\"twitter:data1\" content=\"1 minute\" \/>\n<script type=\"application\/ld+json\" class=\"yoast-schema-graph\">{\"@context\":\"https:\/\/schema.org\",\"@graph\":[{\"@type\":\"WebSite\",\"@id\":\"https:\/\/www.blanchisserie-pro.com\/blog\/#website\",\"url\":\"https:\/\/www.blanchisserie-pro.com\/blog\/\",\"name\":\"Blog Blanchisserie Pro\",\"description\":\"\",\"potentialAction\":[{\"@type\":\"SearchAction\",\"target\":{\"@type\":\"EntryPoint\",\"urlTemplate\":\"https:\/\/www.blanchisserie-pro.com\/blog\/?s={search_term_string}\"},\"query-input\":\"required name=search_term_string\"}],\"inLanguage\":\"fr-FR\"},{\"@type\":\"WebPage\",\"@id\":\"https:\/\/www.blanchisserie-pro.com\/blog\/plan-du-blog\/\",\"url\":\"https:\/\/www.blanchisserie-pro.com\/blog\/plan-du-blog\/\",\"name\":\"Plan du blog | Blog Blanchisserie Pro\",\"isPartOf\":{\"@id\":\"https:\/\/www.blanchisserie-pro.com\/blog\/#website\"},\"datePublished\":\"2021-12-25T23:17:16+00:00\",\"dateModified\":\"2021-12-26T00:41:03+00:00\",\"breadcrumb\":{\"@id\":\"https:\/\/www.blanchisserie-pro.com\/blog\/plan-du-blog\/#breadcrumb\"},\"inLanguage\":\"fr-FR\",\"potentialAction\":[{\"@type\":\"ReadAction\",\"target\":[\"https:\/\/www.blanchisserie-pro.com\/blog\/plan-du-blog\/\"]}]},{\"@type\":\"BreadcrumbList\",\"@id\":\"https:\/\/www.blanchisserie-pro.com\/blog\/plan-du-blog\/#breadcrumb\",\"itemListElement\":[{\"@type\":\"ListItem\",\"position\":1,\"name\":\"Plan du blog\"}]}]}<\/script>\n<!-- \/ Yoast SEO plugin. -->","yoast_head_json":{"title":"Plan du blog | Blog Blanchisserie Pro","robots":{"index":"index","follow":"follow","max-snippet":"max-snippet:-1","max-image-preview":"max-image-preview:large","max-video-preview":"max-video-preview:-1"},"canonical":"https:\/\/www.blanchisserie-pro.com\/blog\/plan-du-blog\/","og_locale":"fr_FR","og_type":"article","og_title":"Plan du blog | Blog Blanchisserie Pro","og_url":"https:\/\/www.blanchisserie-pro.com\/blog\/plan-du-blog\/","og_site_name":"Blog Blanchisserie Pro","article_modified_time":"2021-12-26T00:41:03+00:00","twitter_card":"summary_large_image","twitter_misc":{"Dur\u00e9e de lecture estim\u00e9e":"1 minute"},"schema":{"@context":"https:\/\/schema.org","@graph":[{"@type":"WebSite","@id":"https:\/\/www.blanchisserie-pro.com\/blog\/#website","url":"https:\/\/www.blanchisserie-pro.com\/blog\/","name":"Blog Blanchisserie Pro","description":"","potentialAction":[{"@type":"SearchAction","target":{"@type":"EntryPoint","urlTemplate":"https:\/\/www.blanchisserie-pro.com\/blog\/?s={search_term_string}"},"query-input":"required name=search_term_string"}],"inLanguage":"fr-FR"},{"@type":"WebPage","@id":"https:\/\/www.blanchisserie-pro.com\/blog\/plan-du-blog\/","url":"https:\/\/www.blanchisserie-pro.com\/blog\/plan-du-blog\/","name":"Plan du blog | Blog Blanchisserie Pro","isPartOf":{"@id":"https:\/\/www.blanchisserie-pro.com\/blog\/#website"},"datePublished":"2021-12-25T23:17:16+00:00","dateModified":"2021-12-26T00:41:03+00:00","breadcrumb":{"@id":"https:\/\/www.blanchisserie-pro.com\/blog\/plan-du-blog\/#breadcrumb"},"inLanguage":"fr-FR","potentialAction":[{"@type":"ReadAction","target":["https:\/\/www.blanchisserie-pro.com\/blog\/plan-du-blog\/"]}]},{"@type":"BreadcrumbList","@id":"https:\/\/www.blanchisserie-pro.com\/blog\/plan-du-blog\/#breadcrumb","itemListElement":[{"@type":"ListItem","position":1,"name":"Plan du blog"}]}]}},"_links":{"self":[{"href":"https:\/\/www.blanchisserie-pro.com\/blog\/wp-json\/wp\/v2\/pages\/2"}],"collection":[{"href":"https:\/\/www.blanchisserie-pro.com\/blog\/wp-json\/wp\/v2\/pages"}],"about":[{"href":"https:\/\/www.blanchisserie-pro.com\/blog\/wp-json\/wp\/v2\/types\/page"}],"author":[{"embeddable":true,"href":"https:\/\/www.blanchisserie-pro.com\/blog\/wp-json\/wp\/v2\/users\/1"}],"replies":[{"embeddable":true,"href":"https:\/\/www.blanchisserie-pro.com\/blog\/wp-json\/wp\/v2\/comments?post=2"}],"version-history":[{"count":2,"href":"https:\/\/www.blanchisserie-pro.com\/blog\/wp-json\/wp\/v2\/pages\/2\/revisions"}],"predecessor-version":[{"id":10,"href":"https:\/\/www.blanchisserie-pro.com\/blog\/wp-json\/wp\/v2\/pages\/2\/revisions\/10"}],"wp:attachment":[{"href":"https:\/\/www.blanchisserie-pro.com\/blog\/wp-json\/wp\/v2\/media?parent=2"}],"curies":[{"name":"wp","href":"https:\/\/api.w.org\/{rel}","templated":true}]}}